{"id":32,"date":"2024-09-11T19:59:41","date_gmt":"2024-09-11T19:59:41","guid":{"rendered":"https:\/\/tunacnc.com.tr\/en\/?page_id=32"},"modified":"2024-09-13T10:32:43","modified_gmt":"2024-09-13T10:32:43","slug":"contact","status":"publish","type":"page","link":"https:\/\/tunacnc.com.tr\/en\/contact","title":{"rendered":"Contact"},"content":{"rendered":"<div class=\"wpb-content-wrapper\"><p>[vc_row rt_row_background_width=&#8221;fullwidth&#8221; rt_row_content_width=&#8221;fullwidth&#8221; rt_row_style=&#8221;default-style&#8221; rt_row_height=&#8221;&#8221; rt_row_borders=&#8221;&#8221; rt_row_shadows=&#8221;&#8221; rt_column_gaps=&#8221;&#8221; rt_row_paddings=&#8221;false&#8221; rt_bg_effect=&#8221;classic&#8221; rt_transparent_bg=&#8221;&#8221; rt_bg_image_repeat=&#8221;repeat&#8221; rt_bg_size=&#8221;cover&#8221; rt_bg_position=&#8221;right top&#8221; rt_bg_attachment=&#8221;scroll&#8221; rt_bg_video_format=&#8221;self-hosted&#8221; rt_margin_top=&#8221;0&#8243; rt_margin_bottom=&#8221;0&#8243; rt_content_margin_top=&#8221;0&#8243; rt_content_margin_bottom=&#8221;0&#8243;][vc_column width=&#8221;1\/2&#8243; rt_col_paddings=&#8221;true&#8221; rt_wrp_col_paddings=&#8221;false&#8221; rt_column_shadow=&#8221;&#8221; rt_border_top=&#8221;&#8221; rt_border_bottom=&#8221;&#8221; rt_border_left=&#8221;&#8221; rt_border_right=&#8221;true&#8221; rt_border_top_mobile=&#8221;&#8221; rt_border_bottom_mobile=&#8221;&#8221; rt_border_left_mobile=&#8221;&#8221; rt_border_right_mobile=&#8221;&#8221; rt_bg_image_repeat=&#8221;repeat&#8221; rt_bg_size=&#8221;auto auto&#8221; rt_bg_position=&#8221;right top&#8221; rt_bg_attachment=&#8221;scroll&#8221; rt_bg_color=&#8221;&#8221; rt_bg_overlay_color=&#8221;&#8221; rt_padding_top=&#8221;0&#8243; rt_padding_bottom=&#8221;30&#8243; rt_padding_left=&#8221;0&#8243; rt_padding_right=&#8221;30&#8243;][vc_raw_html css=&#8221;&#8221;]JTNDaWZyYW1lJTIwc3JjJTNEJTIyaHR0cHMlM0ElMkYlMkZ3d3cuZ29vZ2xlLmNvbSUyRm1hcHMlMkZlbWJlZCUzRnBiJTNEJTIxMW0xOCUyMTFtMTIlMjExbTMlMjExZDk2NTg3Ljg5Mzg5Nzg4NjIzJTIxMmQyOS4zMDU2MzI2MTY0MDYyNDMlMjEzZDQwLjg0MTc2MjcwMDAwMDAwNCUyMTJtMyUyMTFmMCUyMTJmMCUyMTNmMCUyMTNtMiUyMTFpMTAyNCUyMTJpNzY4JTIxNGYxMy4xJTIxM20zJTIxMW0yJTIxMXMweDE0Y2IyNzM5NGIxYjk3MmQlMjUzQTB4N2NhZTc0MzQ4NGY2MGZiMyUyMTJzTW9kZWwlMjUyMEthbCUyNUM0JTI1QjFwJTIxNWUwJTIxM20yJTIxMXN0ciUyMTJzdHIlMjE0djE3MjU5NjYxNDE3NTAlMjE1bTIlMjExc3RyJTIxMnN0ciUyMiUyMHdpZHRoJTNEJTIyMTAwJTI1JTIyJTIwaGVpZ2h0JTNEJTIyNjAwJTIyJTIwc3R5bGUlM0QlMjJib3JkZXIlM0EwJTNCJTIyJTIwYWxsb3dmdWxsc2NyZWVuJTNEJTIyJTIyJTIwbG9hZGluZyUzRCUyMmxhenklMjIlMjByZWZlcnJlcnBvbGljeSUzRCUyMm5vLXJlZmVycmVyLXdoZW4tZG93bmdyYWRlJTIyJTNFJTNDJTJGaWZyYW1lJTNF[\/vc_raw_html][\/vc_column][vc_column width=&#8221;1\/2&#8243; rt_col_paddings=&#8221;true&#8221; rt_wrp_col_paddings=&#8221;false&#8221; rt_column_shadow=&#8221;&#8221; rt_border_top=&#8221;&#8221; rt_border_bottom=&#8221;&#8221; rt_border_left=&#8221;&#8221; rt_border_right=&#8221;&#8221; rt_border_top_mobile=&#8221;&#8221; rt_border_bottom_mobile=&#8221;&#8221; rt_border_left_mobile=&#8221;&#8221; rt_border_right_mobile=&#8221;&#8221; rt_bg_image_repeat=&#8221;repeat&#8221; rt_bg_size=&#8221;auto auto&#8221; rt_bg_position=&#8221;right top&#8221; rt_bg_attachment=&#8221;scroll&#8221; rt_bg_color=&#8221;&#8221; rt_bg_overlay_color=&#8221;&#8221; rt_padding_top=&#8221;30&#8243; rt_padding_bottom=&#8221;30&#8243; rt_padding_left=&#8221;30&#8243; rt_padding_right=&#8221;30&#8243;]<div class=\"rt_heading_wrapper style-6\">\n\t\t\t\t\t\t<h5 class=\"rt_heading  style-6\" >Contact Information<\/h5> \n\t\t\t\t\t<\/div>[vc_column_text css=&#8221;&#8221;]<strong>Model Kal\u0131p H\u0131rdavat \u00d6l\u00e7\u00fc Alet.San.Tic.Ltd.\u015eti.<\/strong><br \/>\n<strong>Tel:<\/strong> +90 262 644 5860 (PBX)<br \/>\n<strong>Fax:<\/strong> +90 262 644 5863<br \/>\n<strong>Address:<\/strong> Geposb i\u00e7i. 34.sok A\/6 blok No:13 Gebze-Kocaeli<br \/>\n<strong>Email:<\/strong> info@tunacnc.com.tr[\/vc_column_text]\n\t\t<!-- contact form -->\n\t\t<div  class=\"contact_form  dynamic-class-745221\">\n\t\t<div class=\"clear\"><\/div><div class=\"result\"><\/div>\n\t\t\t<form action=\"#\" name=\"contact_form\" class=\"validate_form rt_form\" method=\"post\">\n\t\t\t\t<ul>\n\t\t\t\t\t<li class=\"form-input\"><label for=\"name\">Your Name: (*)<\/label><input placeholder=\"Your Name: (*)\" id=\"name\" type=\"text\" name=\"name\" value=\"\" class=\"required\" \/> <\/li>\n\t\t\t\t\t<li class=\"form-input\"><label for=\"email\">Your Email: (*)<\/label><input placeholder=\"Your Email: (*)\" id=\"email\" type=\"email\" name=\"email\" value=\"\" class=\"required email\" \/> <\/li>\n\t\t\t\t\t<li class=\"form-input\"><label for=\"message\">Your Message: (*)<\/label><textarea placeholder=\"Your Message: (*)\" id=\"message\" name=\"message\" rows=\"8\" cols=\"40\" class=\"required\"><\/textarea><\/li>\n\t\t\t\t\t<li class=\"form-input\"><input type=\"checkbox\" id=\"confirm\" name=\"confirm\" class=\"required\"><label class=\"confirm-label\" for=\"confirm\">I give permission to collect the data above and use it to contact me.<\/label><\/li>\n\t\t\t\t\t<li class=\"security-question\"><label class=\"math_label\" for=\"math\">Security Question:<\/label>4 + 89 = <input id=\"math\" placeholder=\"?\" type=\"text\" name=\"math\" value=\"\" class=\"required\" \/><\/li>\n\t\t\t\t\t<li class=\"submit-button\">\n\t\t\t\t\t<input type=\"hidden\" name=\"your_email\" value=\"aW5mb0BiZXNnZW5hc2Fuc29yLmNvbQ==\"><input type=\"hidden\" name=\"dynamic_class\" value=\"dynamic-class-745221\"><input type=\"hidden\" name=\"rt_form_data\" value=\"OTM=\"><input type=\"button\" class=\"button submit\" value=\"Send\"  \/><span class=\"loading\"><\/span>\n\t\t\t\t\t<\/li>\n\t\t\t\t<\/ul>\n\t\t\t<\/form>\n\t\t<\/div><div class=\"clear\"><\/div>\n\t\t<!-- \/contact form -->[\/vc_column][\/vc_row]<\/p>\n<\/div>","protected":false},"excerpt":{"rendered":"<p>[vc_row rt_row_background_width=&#8221;fullwidth&#8221; rt_row_content_width=&#8221;fullwidth&#8221; rt_row_style=&#8221;default-style&#8221; rt_row_height=&#8221;&#8221; rt_row_borders=&#8221;&#8221; rt_row_shadows=&#8221;&#8221; rt_column_gaps=&#8221;&#8221; rt_row_paddings=&#8221;false&#8221; rt_bg_effect=&#8221;classic&#8221; rt_transparent_bg=&#8221;&#8221; rt_bg_image_repeat=&#8221;repeat&#8221; rt_bg_size=&#8221;cover&#8221; rt_bg_position=&#8221;right top&#8221; rt_bg_attachment=&#8221;scroll&#8221; rt_bg_video_format=&#8221;self-hosted&#8221; rt_margin_top=&#8221;0&#8243; rt_margin_bottom=&#8221;0&#8243; rt_content_margin_top=&#8221;0&#8243; rt_content_margin_bottom=&#8221;0&#8243;][vc_column width=&#8221;1\/2&#8243; rt_col_paddings=&#8221;true&#8221; rt_wrp_col_paddings=&#8221;false&#8221; rt_column_shadow=&#8221;&#8221; rt_border_top=&#8221;&#8221; rt_border_bottom=&#8221;&#8221; rt_border_left=&#8221;&#8221; rt_border_right=&#8221;true&#8221; rt_border_top_mobile=&#8221;&#8221; rt_border_bottom_mobile=&#8221;&#8221; rt_border_left_mobile=&#8221;&#8221; rt_border_right_mobile=&#8221;&#8221; rt_bg_image_repeat=&#8221;repeat&#8221; rt_bg_size=&#8221;auto auto&#8221; rt_bg_position=&#8221;right top&#8221; rt_bg_attachment=&#8221;scroll&#8221; rt_bg_color=&#8221;&#8221; rt_bg_overlay_color=&#8221;&#8221; rt_padding_top=&#8221;0&#8243; rt_padding_bottom=&#8221;30&#8243; rt_padding_left=&#8221;0&#8243; rt_padding_right=&#8221;30&#8243;][vc_raw_html css=&#8221;&#8221;]JTNDaWZyYW1lJTIwc3JjJTNEJTIyaHR0cHMlM0ElMkYlMkZ3d3cuZ29vZ2xlLmNvbSUyRm1hcHMlMkZlbWJlZCUzRnBiJTNEJTIxMW0xOCUyMTFtMTIlMjExbTMlMjExZDk2NTg3Ljg5Mzg5Nzg4NjIzJTIxMmQyOS4zMDU2MzI2MTY0MDYyNDMlMjEzZDQwLjg0MTc2MjcwMDAwMDAwNCUyMTJtMyUyMTFmMCUyMTJmMCUyMTNmMCUyMTNtMiUyMTFpMTAyNCUyMTJpNzY4JTIxNGYxMy4xJTIxM20zJTIxMW0yJTIxMXMweDE0Y2IyNzM5NGIxYjk3MmQlMjUzQTB4N2NhZTc0MzQ4NGY2MGZiMyUyMTJzTW9kZWwlMjUyMEthbCUyNUM0JTI1QjFwJTIxNWUwJTIxM20yJTIxMXN0ciUyMTJzdHIlMjE0djE3MjU5NjYxNDE3NTAlMjE1bTIlMjExc3RyJTIxMnN0ciUyMiUyMHdpZHRoJTNEJTIyMTAwJTI1JTIyJTIwaGVpZ2h0JTNEJTIyNjAwJTIyJTIwc3R5bGUlM0QlMjJib3JkZXIlM0EwJTNCJTIyJTIwYWxsb3dmdWxsc2NyZWVuJTNEJTIyJTIyJTIwbG9hZGluZyUzRCUyMmxhenklMjIlMjByZWZlcnJlcnBvbGljeSUzRCUyMm5vLXJlZmVycmVyLXdoZW4tZG93bmdyYWRlJTIyJTNFJTNDJTJGaWZyYW1lJTNF[\/vc_raw_html][\/vc_column][vc_column width=&#8221;1\/2&#8243; rt_col_paddings=&#8221;true&#8221; rt_wrp_col_paddings=&#8221;false&#8221; rt_column_shadow=&#8221;&#8221; rt_border_top=&#8221;&#8221; rt_border_bottom=&#8221;&#8221; rt_border_left=&#8221;&#8221; rt_border_right=&#8221;&#8221; rt_border_top_mobile=&#8221;&#8221; &#8230; <a class=\"more-link\" href=\"https:\/\/tunacnc.com.tr\/en\/contact\">Continue reading<\/a><\/p>\n","protected":false},"author":1,"featured_media":0,"parent":0,"menu_order":0,"comment_status":"closed","ping_status":"closed","template":"","meta":{"footnotes":""},"class_list":["post-32","page","type-page","status-publish","hentry"],"_links":{"self":[{"href":"https:\/\/tunacnc.com.tr\/en\/wp-json\/wp\/v2\/pages\/32","targetHints":{"allow":["GET"]}}],"collection":[{"href":"https:\/\/tunacnc.com.tr\/en\/wp-json\/wp\/v2\/pages"}],"about":[{"href":"https:\/\/tunacnc.com.tr\/en\/wp-json\/wp\/v2\/types\/page"}],"author":[{"embeddable":true,"href":"https:\/\/tunacnc.com.tr\/en\/wp-json\/wp\/v2\/users\/1"}],"replies":[{"embeddable":true,"href":"https:\/\/tunacnc.com.tr\/en\/wp-json\/wp\/v2\/comments?post=32"}],"version-history":[{"count":3,"href":"https:\/\/tunacnc.com.tr\/en\/wp-json\/wp\/v2\/pages\/32\/revisions"}],"predecessor-version":[{"id":104,"href":"https:\/\/tunacnc.com.tr\/en\/wp-json\/wp\/v2\/pages\/32\/revisions\/104"}],"wp:attachment":[{"href":"https:\/\/tunacnc.com.tr\/en\/wp-json\/wp\/v2\/media?parent=32"}],"curies":[{"name":"wp","href":"https:\/\/api.w.org\/{rel}","templated":true}]}}